{"id":772,"date":"2025-05-08T12:29:30","date_gmt":"2025-05-08T10:29:30","guid":{"rendered":"https:\/\/inmobiliariauno.es\/?page_id=772"},"modified":"2025-08-04T10:10:41","modified_gmt":"2025-08-04T08:10:41","slug":"blog","status":"publish","type":"page","link":"https:\/\/inmobiliariauno.es\/en\/blog\/","title":{"rendered":"Blog"},"content":{"rendered":"<div data-elementor-type=\"wp-page\" data-elementor-id=\"772\" class=\"elementor elementor-772\" data-elementor-post-type=\"page\">\n\t\t\t\t<div class=\"elementor-element elementor-element-53806b3 e-flex e-con-boxed e-con e-parent\" data-id=\"53806b3\" data-element_type=\"container\" data-e-type=\"container\">\n\t\t\t\t\t<div class=\"e-con-inner\">\n\t\t\t\t<div class=\"elementor-element elementor-element-974ce91 elementor-grid-3 elementor-grid-tablet-2 elementor-grid-mobile-1 elementor-posts--thumbnail-top elementor-widget elementor-widget-posts\" data-id=\"974ce91\" data-element_type=\"widget\" data-e-type=\"widget\" data-settings=\"{&quot;classic_columns&quot;:&quot;3&quot;,&quot;classic_columns_tablet&quot;:&quot;2&quot;,&quot;classic_columns_mobile&quot;:&quot;1&quot;,&quot;classic_row_gap&quot;:{&quot;unit&quot;:&quot;px&quot;,&quot;size&quot;:35,&quot;sizes&quot;:[]},&quot;classic_row_gap_laptop&quot;:{&quot;unit&quot;:&quot;px&quot;,&quot;size&quot;:&quot;&quot;,&quot;sizes&quot;:[]},&quot;classic_row_gap_tablet&quot;:{&quot;unit&quot;:&quot;px&quot;,&quot;size&quot;:&quot;&quot;,&quot;sizes&quot;:[]},&quot;classic_row_gap_mobile&quot;:{&quot;unit&quot;:&quot;px&quot;,&quot;size&quot;:&quot;&quot;,&quot;sizes&quot;:[]}}\" data-widget_type=\"posts.classic\">\n\t\t\t\t<div class=\"elementor-widget-container\">\n\t\t\t\t\t\t\t<div class=\"elementor-posts-container elementor-posts elementor-posts--skin-classic elementor-grid\" role=\"list\">\n\t\t\t\t<article class=\"elementor-post elementor-grid-item post-960 post type-post status-publish format-standard has-post-thumbnail hentry category-uncategorized\" role=\"listitem\">\n\t\t\t\t<a class=\"elementor-post__thumbnail__link\" href=\"https:\/\/inmobiliariauno.es\/en\/ya-no-es-obligatorio-depositar-la-fianza-en-la-junta-cambios-en-el-alquiler\/\" tabindex=\"-1\" >\n\t\t\t<div class=\"elementor-post__thumbnail\"><img fetchpriority=\"high\" decoding=\"async\" width=\"1344\" height=\"768\" src=\"https:\/\/inmobiliariauno.es\/wp-content\/uploads\/2026\/02\/portada-blog-inmobioliairia-uno-1.webp\" class=\"attachment-medium size-medium wp-image-965\" alt=\"\" srcset=\"https:\/\/inmobiliariauno.es\/wp-content\/uploads\/2026\/02\/portada-blog-inmobioliairia-uno-1.webp 1344w, https:\/\/inmobiliariauno.es\/wp-content\/uploads\/2026\/02\/portada-blog-inmobioliairia-uno-1-768x439.webp 768w, https:\/\/inmobiliariauno.es\/wp-content\/uploads\/2026\/02\/portada-blog-inmobioliairia-uno-1-18x10.webp 18w\" sizes=\"(max-width: 1344px) 100vw, 1344px\" \/><\/div>\n\t\t<\/a>\n\t\t\t\t<div class=\"elementor-post__text\">\n\t\t\t\t<h3 class=\"elementor-post__title\">\n\t\t\t<a href=\"https:\/\/inmobiliariauno.es\/en\/ya-no-es-obligatorio-depositar-la-fianza-en-la-junta-cambios-en-el-alquiler\/\" >\n\t\t\t\tYa no es obligatorio depositar la fianza en la Junta: Cambios en el alquiler\t\t\t<\/a>\n\t\t<\/h3>\n\t\t\t\t<div class=\"elementor-post__excerpt\">\n\t\t\t<p>La nueva Ley de Vivienda 2026 suprime el tr\u00e1mite en AVRA. Te explicamos c\u00f3mo gestionar legalmente la fianza de tu alquiler en Granada y qu\u00e9\t\t<\/div>\n\t\t\n\t\t<a class=\"elementor-post__read-more\" href=\"https:\/\/inmobiliariauno.es\/en\/ya-no-es-obligatorio-depositar-la-fianza-en-la-junta-cambios-en-el-alquiler\/\" aria-label=\"Read more about Ya no es obligatorio depositar la fianza en la Junta: Cambios en el alquiler\" tabindex=\"-1\" >\n\t\t\tRead more \u00bb\t\t<\/a>\n\n\t\t\t\t<\/div>\n\t\t\t\t<\/article>\n\t\t\t\t<article class=\"elementor-post elementor-grid-item post-806 post type-post status-publish format-standard has-post-thumbnail hentry category-novedades\" role=\"listitem\">\n\t\t\t\t<a class=\"elementor-post__thumbnail__link\" href=\"https:\/\/inmobiliariauno.es\/en\/el-precio-de-la-vivienda-en-granada-sigue-rompiendo-records-en-2025-hasta-donde-puede-llegar\/\" tabindex=\"-1\" >\n\t\t\t<div class=\"elementor-post__thumbnail\"><img decoding=\"async\" width=\"1920\" height=\"1285\" src=\"https:\/\/inmobiliariauno.es\/wp-content\/uploads\/2025\/06\/portada-de-blog.webp\" class=\"attachment-medium size-medium wp-image-807\" alt=\"\" srcset=\"https:\/\/inmobiliariauno.es\/wp-content\/uploads\/2025\/06\/portada-de-blog.webp 1920w, https:\/\/inmobiliariauno.es\/wp-content\/uploads\/2025\/06\/portada-de-blog-768x514.webp 768w, https:\/\/inmobiliariauno.es\/wp-content\/uploads\/2025\/06\/portada-de-blog-1536x1028.webp 1536w, https:\/\/inmobiliariauno.es\/wp-content\/uploads\/2025\/06\/portada-de-blog-18x12.webp 18w\" sizes=\"(max-width: 1920px) 100vw, 1920px\" \/><\/div>\n\t\t<\/a>\n\t\t\t\t<div class=\"elementor-post__text\">\n\t\t\t\t<h3 class=\"elementor-post__title\">\n\t\t\t<a href=\"https:\/\/inmobiliariauno.es\/en\/el-precio-de-la-vivienda-en-granada-sigue-rompiendo-records-en-2025-hasta-donde-puede-llegar\/\" >\n\t\t\t\tHousing prices in Granada continue to break records in 2025: how high can they go?\t\t\t<\/a>\n\t\t<\/h3>\n\t\t\t\t<div class=\"elementor-post__excerpt\">\n\t\t\t<p>Housing prices in Granada reach historic highs in May 2025: \u20ac2,422 per square meter. Discover the most expensive and affordable neighborhoods and how\t\t<\/div>\n\t\t\n\t\t<a class=\"elementor-post__read-more\" href=\"https:\/\/inmobiliariauno.es\/en\/el-precio-de-la-vivienda-en-granada-sigue-rompiendo-records-en-2025-hasta-donde-puede-llegar\/\" aria-label=\"Read more about El precio de la vivienda en Granada sigue rompiendo r\u00e9cords en 2025: \u00bfhasta d\u00f3nde puede llegar?\" tabindex=\"-1\" >\n\t\t\tRead more \u00bb\t\t<\/a>\n\n\t\t\t\t<\/div>\n\t\t\t\t<\/article>\n\t\t\t\t<article class=\"elementor-post elementor-grid-item post-741 post type-post status-publish format-standard has-post-thumbnail hentry category-uncategorized\" role=\"listitem\">\n\t\t\t\t<a class=\"elementor-post__thumbnail__link\" href=\"https:\/\/inmobiliariauno.es\/en\/%f0%9f%8f%a0-las-ayudas-en-vivienda-para-2025-todo-lo-que-necesitas-saber\/\" tabindex=\"-1\" >\n\t\t\t<div class=\"elementor-post__thumbnail\"><img decoding=\"async\" width=\"1403\" height=\"948\" src=\"https:\/\/inmobiliariauno.es\/wp-content\/uploads\/2025\/05\/portada-de-blog-inmobiliaria-uno.webp\" class=\"attachment-medium size-medium wp-image-744\" alt=\"\" srcset=\"https:\/\/inmobiliariauno.es\/wp-content\/uploads\/2025\/05\/portada-de-blog-inmobiliaria-uno.webp 1403w, https:\/\/inmobiliariauno.es\/wp-content\/uploads\/2025\/05\/portada-de-blog-inmobiliaria-uno-768x519.webp 768w, https:\/\/inmobiliariauno.es\/wp-content\/uploads\/2025\/05\/portada-de-blog-inmobiliaria-uno-18x12.webp 18w\" sizes=\"(max-width: 1403px) 100vw, 1403px\" \/><\/div>\n\t\t<\/a>\n\t\t\t\t<div class=\"elementor-post__text\">\n\t\t\t\t<h3 class=\"elementor-post__title\">\n\t\t\t<a href=\"https:\/\/inmobiliariauno.es\/en\/%f0%9f%8f%a0-las-ayudas-en-vivienda-para-2025-todo-lo-que-necesitas-saber\/\" >\n\t\t\t\t\ud83c\udfe0 Housing assistance for 2025: everything you need to know\t\t\t<\/a>\n\t\t<\/h3>\n\t\t\t\t<div class=\"elementor-post__excerpt\">\n\t\t\t<p>Discover all the housing subsidies available in Granada for 2025: purchase, rental, and renovation. We'll tell you how to take advantage of them with the support of Inmobiliaria Uno.<\/p>\t\t<\/div>\n\t\t\n\t\t<a class=\"elementor-post__read-more\" href=\"https:\/\/inmobiliariauno.es\/en\/%f0%9f%8f%a0-las-ayudas-en-vivienda-para-2025-todo-lo-que-necesitas-saber\/\" aria-label=\"Read more about \ud83c\udfe0 Las ayudas en vivienda para 2025: todo lo que necesitas saber\" tabindex=\"-1\" >\n\t\t\tRead more \u00bb\t\t<\/a>\n\n\t\t\t\t<\/div>\n\t\t\t\t<\/article>\n\t\t\t\t<article class=\"elementor-post elementor-grid-item post-687 post type-post status-publish format-standard has-post-thumbnail hentry category-novedades\" role=\"listitem\">\n\t\t\t\t<a class=\"elementor-post__thumbnail__link\" href=\"https:\/\/inmobiliariauno.es\/en\/aval-ico-2025-la-ayuda-definitiva-para-que-los-jovenes-accedan-a-su-primera-vivienda\/\" tabindex=\"-1\" >\n\t\t\t<div class=\"elementor-post__thumbnail\"><img loading=\"lazy\" decoding=\"async\" width=\"2560\" height=\"1707\" src=\"https:\/\/inmobiliariauno.es\/wp-content\/uploads\/2025\/04\/single-family-homes-with-avant-garde-architecture-arroyomolinos-madrid-spain-scaled.webp\" class=\"attachment-medium size-medium wp-image-692\" alt=\"\" srcset=\"https:\/\/inmobiliariauno.es\/wp-content\/uploads\/2025\/04\/single-family-homes-with-avant-garde-architecture-arroyomolinos-madrid-spain-scaled.webp 2560w, https:\/\/inmobiliariauno.es\/wp-content\/uploads\/2025\/04\/single-family-homes-with-avant-garde-architecture-arroyomolinos-madrid-spain-768x512.webp 768w, https:\/\/inmobiliariauno.es\/wp-content\/uploads\/2025\/04\/single-family-homes-with-avant-garde-architecture-arroyomolinos-madrid-spain-1536x1024.webp 1536w, https:\/\/inmobiliariauno.es\/wp-content\/uploads\/2025\/04\/single-family-homes-with-avant-garde-architecture-arroyomolinos-madrid-spain-2048x1365.webp 2048w, https:\/\/inmobiliariauno.es\/wp-content\/uploads\/2025\/04\/single-family-homes-with-avant-garde-architecture-arroyomolinos-madrid-spain-18x12.webp 18w\" sizes=\"(max-width: 2560px) 100vw, 2560px\" \/><\/div>\n\t\t<\/a>\n\t\t\t\t<div class=\"elementor-post__text\">\n\t\t\t\t<h3 class=\"elementor-post__title\">\n\t\t\t<a href=\"https:\/\/inmobiliariauno.es\/en\/aval-ico-2025-la-ayuda-definitiva-para-que-los-jovenes-accedan-a-su-primera-vivienda\/\" >\n\t\t\t\tAval ICO 2025: The definitive aid for young people to access their first home\t\t\t<\/a>\n\t\t<\/h3>\n\t\t\t\t<div class=\"elementor-post__excerpt\">\n\t\t\t<p>Are you under 35 and looking to buy your first home? Discover how the ICO 2024 Guarantee can cover up to 20% of your mortgage. At Inmobiliaria UNO\t\t<\/div>\n\t\t\n\t\t<a class=\"elementor-post__read-more\" href=\"https:\/\/inmobiliariauno.es\/en\/aval-ico-2025-la-ayuda-definitiva-para-que-los-jovenes-accedan-a-su-primera-vivienda\/\" aria-label=\"Read more about Aval ICO 2025: La ayuda definitiva para que los j\u00f3venes accedan a su primera vivienda\" tabindex=\"-1\" >\n\t\t\tRead more \u00bb\t\t<\/a>\n\n\t\t\t\t<\/div>\n\t\t\t\t<\/article>\n\t\t\t\t<\/div>\n\t\t\n\t\t\t\t\t\t<\/div>\n\t\t\t\t<\/div>\n\t\t\t\t\t<\/div>\n\t\t\t\t<\/div>\n\t\t\t\t<\/div>","protected":false},"excerpt":{"rendered":"","protected":false},"author":5,"featured_media":0,"parent":0,"menu_order":0,"comment_status":"closed","ping_status":"closed","template":"","meta":{"_acf_changed":false,"footnotes":""},"class_list":["post-772","page","type-page","status-publish","hentry"],"acf":[],"yoast_head":"<!-- This site is optimized with the Yoast SEO plugin v27.1.1 - https:\/\/yoast.com\/product\/yoast-seo-wordpress\/ -->\n<title>Blog - Inmobiliaria Uno<\/title>\n<meta name=\"robots\" content=\"index, follow, max-snippet:-1, max-image-preview:large, max-video-preview:-1\" \/>\n<link rel=\"canonical\" href=\"https:\/\/inmobiliariauno.es\/en\/blog\/\" \/>\n<meta property=\"og:locale\" content=\"en_US\" \/>\n<meta property=\"og:type\" content=\"article\" \/>\n<meta property=\"og:title\" content=\"Blog - Inmobiliaria Uno\" \/>\n<meta property=\"og:url\" content=\"https:\/\/inmobiliariauno.es\/en\/blog\/\" \/>\n<meta property=\"og:site_name\" content=\"Inmobiliaria Uno\" \/>\n<meta property=\"article:modified_time\" content=\"2025-08-04T08:10:41+00:00\" \/>\n<meta name=\"twitter:card\" content=\"summary_large_image\" \/>\n<meta name=\"twitter:label1\" content=\"Est. reading time\" \/>\n\t<meta name=\"twitter:data1\" content=\"2 minutes\" \/>\n<script type=\"application\/ld+json\" class=\"yoast-schema-graph\">{\"@context\":\"https:\/\/schema.org\",\"@graph\":[{\"@type\":\"WebPage\",\"@id\":\"https:\/\/inmobiliariauno.es\/blog\/\",\"url\":\"https:\/\/inmobiliariauno.es\/blog\/\",\"name\":\"Blog - Inmobiliaria Uno\",\"isPartOf\":{\"@id\":\"https:\/\/inmobiliariauno.es\/#website\"},\"datePublished\":\"2025-05-08T10:29:30+00:00\",\"dateModified\":\"2025-08-04T08:10:41+00:00\",\"breadcrumb\":{\"@id\":\"https:\/\/inmobiliariauno.es\/blog\/#breadcrumb\"},\"inLanguage\":\"en-US\",\"potentialAction\":[{\"@type\":\"ReadAction\",\"target\":[\"https:\/\/inmobiliariauno.es\/blog\/\"]}]},{\"@type\":\"BreadcrumbList\",\"@id\":\"https:\/\/inmobiliariauno.es\/blog\/#breadcrumb\",\"itemListElement\":[{\"@type\":\"ListItem\",\"position\":1,\"name\":\"Inicio\",\"item\":\"https:\/\/inmobiliariauno.es\/\"},{\"@type\":\"ListItem\",\"position\":2,\"name\":\"Blog\"}]},{\"@type\":\"WebSite\",\"@id\":\"https:\/\/inmobiliariauno.es\/#website\",\"url\":\"https:\/\/inmobiliariauno.es\/\",\"name\":\"Inmobiliaria Uno\",\"description\":\"Agencia inmobiliaria en Granada\",\"publisher\":{\"@id\":\"https:\/\/inmobiliariauno.es\/#organization\"},\"potentialAction\":[{\"@type\":\"SearchAction\",\"target\":{\"@type\":\"EntryPoint\",\"urlTemplate\":\"https:\/\/inmobiliariauno.es\/?s={search_term_string}\"},\"query-input\":{\"@type\":\"PropertyValueSpecification\",\"valueRequired\":true,\"valueName\":\"search_term_string\"}}],\"inLanguage\":\"en-US\"},{\"@type\":\"Organization\",\"@id\":\"https:\/\/inmobiliariauno.es\/#organization\",\"name\":\"Inmobiliaria Uno\",\"url\":\"https:\/\/inmobiliariauno.es\/\",\"logo\":{\"@type\":\"ImageObject\",\"inLanguage\":\"en-US\",\"@id\":\"https:\/\/inmobiliariauno.es\/#\/schema\/logo\/image\/\",\"url\":\"https:\/\/inmobiliariauno.es\/wp-content\/uploads\/2024\/07\/logoinmouno.svg\",\"contentUrl\":\"https:\/\/inmobiliariauno.es\/wp-content\/uploads\/2024\/07\/logoinmouno.svg\",\"width\":239,\"height\":126,\"caption\":\"Inmobiliaria Uno\"},\"image\":{\"@id\":\"https:\/\/inmobiliariauno.es\/#\/schema\/logo\/image\/\"}}]}<\/script>\n<!-- \/ Yoast SEO plugin. -->","yoast_head_json":{"title":"Blog - Inmobiliaria Uno","robots":{"index":"index","follow":"follow","max-snippet":"max-snippet:-1","max-image-preview":"max-image-preview:large","max-video-preview":"max-video-preview:-1"},"canonical":"https:\/\/inmobiliariauno.es\/en\/blog\/","og_locale":"en_US","og_type":"article","og_title":"Blog - Inmobiliaria Uno","og_url":"https:\/\/inmobiliariauno.es\/en\/blog\/","og_site_name":"Inmobiliaria Uno","article_modified_time":"2025-08-04T08:10:41+00:00","twitter_card":"summary_large_image","twitter_misc":{"Est. reading time":"2 minutes"},"schema":{"@context":"https:\/\/schema.org","@graph":[{"@type":"WebPage","@id":"https:\/\/inmobiliariauno.es\/blog\/","url":"https:\/\/inmobiliariauno.es\/blog\/","name":"Blog - Inmobiliaria Uno","isPartOf":{"@id":"https:\/\/inmobiliariauno.es\/#website"},"datePublished":"2025-05-08T10:29:30+00:00","dateModified":"2025-08-04T08:10:41+00:00","breadcrumb":{"@id":"https:\/\/inmobiliariauno.es\/blog\/#breadcrumb"},"inLanguage":"en-US","potentialAction":[{"@type":"ReadAction","target":["https:\/\/inmobiliariauno.es\/blog\/"]}]},{"@type":"BreadcrumbList","@id":"https:\/\/inmobiliariauno.es\/blog\/#breadcrumb","itemListElement":[{"@type":"ListItem","position":1,"name":"Inicio","item":"https:\/\/inmobiliariauno.es\/"},{"@type":"ListItem","position":2,"name":"Blog"}]},{"@type":"WebSite","@id":"https:\/\/inmobiliariauno.es\/#website","url":"https:\/\/inmobiliariauno.es\/","name":"Inmobiliaria Uno","description":"Agencia inmobiliaria en Granada","publisher":{"@id":"https:\/\/inmobiliariauno.es\/#organization"},"potentialAction":[{"@type":"SearchAction","target":{"@type":"EntryPoint","urlTemplate":"https:\/\/inmobiliariauno.es\/?s={search_term_string}"},"query-input":{"@type":"PropertyValueSpecification","valueRequired":true,"valueName":"search_term_string"}}],"inLanguage":"en-US"},{"@type":"Organization","@id":"https:\/\/inmobiliariauno.es\/#organization","name":"Inmobiliaria Uno","url":"https:\/\/inmobiliariauno.es\/","logo":{"@type":"ImageObject","inLanguage":"en-US","@id":"https:\/\/inmobiliariauno.es\/#\/schema\/logo\/image\/","url":"https:\/\/inmobiliariauno.es\/wp-content\/uploads\/2024\/07\/logoinmouno.svg","contentUrl":"https:\/\/inmobiliariauno.es\/wp-content\/uploads\/2024\/07\/logoinmouno.svg","width":239,"height":126,"caption":"Inmobiliaria Uno"},"image":{"@id":"https:\/\/inmobiliariauno.es\/#\/schema\/logo\/image\/"}}]}},"_links":{"self":[{"href":"https:\/\/inmobiliariauno.es\/en\/wp-json\/wp\/v2\/pages\/772","targetHints":{"allow":["GET"]}}],"collection":[{"href":"https:\/\/inmobiliariauno.es\/en\/wp-json\/wp\/v2\/pages"}],"about":[{"href":"https:\/\/inmobiliariauno.es\/en\/wp-json\/wp\/v2\/types\/page"}],"author":[{"embeddable":true,"href":"https:\/\/inmobiliariauno.es\/en\/wp-json\/wp\/v2\/users\/5"}],"replies":[{"embeddable":true,"href":"https:\/\/inmobiliariauno.es\/en\/wp-json\/wp\/v2\/comments?post=772"}],"version-history":[{"count":8,"href":"https:\/\/inmobiliariauno.es\/en\/wp-json\/wp\/v2\/pages\/772\/revisions"}],"predecessor-version":[{"id":977,"href":"https:\/\/inmobiliariauno.es\/en\/wp-json\/wp\/v2\/pages\/772\/revisions\/977"}],"wp:attachment":[{"href":"https:\/\/inmobiliariauno.es\/en\/wp-json\/wp\/v2\/media?parent=772"}],"curies":[{"name":"wp","href":"https:\/\/api.w.org\/{rel}","templated":true}]}}